{"id":117,"date":"2020-04-28T19:47:03","date_gmt":"2020-04-28T19:47:03","guid":{"rendered":"http:\/\/zumzweischneidigenpferd.de\/?page_id=117"},"modified":"2026-01-27T10:33:01","modified_gmt":"2026-01-27T10:33:01","slug":"corona-das-gibts-bei-uns-zum-abholen","status":"publish","type":"page","link":"http:\/\/zumzweischneidigenpferd.de\/","title":{"rendered":"die pizzen"},"content":{"rendered":"<h3>NUR KARTENZAHLUNG. KEIN BARGELD. RESERVIEREN &#038; VORBESTELLEN K\u00d6NNT IHR UNTER 025174829576<\/h3>\n<h3>GUTSCHEINE BEKOMMT IHR BEI UNS AUCH. IMMER IN 10ER SCHRITTEN. DIE VERSCHICKEN WIR AUCH GERNE. DAF\u00dcR BETRAG PLUS 1,8\u20ac PORTO \u00dcBERWEISEN ODER PAYPALEN UND UNS DIE ADRESSE VERRATEN<\/h3>\n<h3>MARGERE RITA (TOMATENSAUCE, OREGANO, CHERRY TOMATEN (FRISCH DRAUF), MOZZARELLA (FRISCH DRAUF), GANZ VIEL BASILIKUM, OLIVEN\u00d6L*) \u2013 11,9\u20ac<\/h3>\n<h3>FRAUKE MAG RAUKE &#8211; VEGAN (TOMATENSAUCE, VEGANES PESTO, OREGANO, RUCOLA, CHERRY TOMATEN (FRISCH DRAUF), PINIENKERNE, OLIVEN\u00d6L*) \u2013 13,9\u20ac<\/h3>\n<h3>ALLERERSTE SAHNE (TOMATENSAUCE, KALAMATA OLIVEN, OREGANO, GANZ VIEL BASILIKUM, STRACIATELLA (K\u00c4SE), PINIENKERNE, OLIVEN\u00d6L*) \u2013 13,9\u20ac<\/h3>\n<h3>ACH DU GR\u00dcNE SCHEUNE (HAUCHD\u00dcNNE ZUCCHINISCHEIBEN, MOZZARELLA, SCHWARZER &#038; WEISSER SESAM, MINZE (FRISCH DRAUF), OLIVEN\u00d6L*) \u2013 9,9\u20ac<\/h3>\n<h3>ANNABELLE &#038; ANNELISE (D\u00dcNNE KARTOFFELSCHEIBEN VON ANNABELLE (GELB) UND ANNELEISE (LILA), MOZZARELLA, KRESSE, OLIVEN\u00d6L*) \u2013 9,9\u20ac<\/h3>\n<h3>ZUM FETTEN FERDINAND (TOMATENSAUCE, OREGANO, CHERRY TOMATEN, MOZZARELLA, RUCOLA, B\u00dcFFELMOZZARELLA, GRANA PADANO, OLIVEN\u00d6L*) \u2013 13,9\u20ac<\/h3>\n<h3>ZUM GER\u00c4UCHERTEN B\u00dcFFEL (TOMATENSAUCE, OREGANO, GER\u00c4UCHERTER SCHINKEN*, RUCOLA, B\u00dcFFELMOZZARELLA, OLIVEN\u00d6L*) \u2013 17,9\u20ac<\/h3>\n<h3>ZUR ARTGERECHTEN HALTUNG (TOMATENSAUCE, OREGANO, FENCHEL SALAMI*, MOZZARELLA, RUCOLA, OLIVEN\u00d6L*) \u2013 16,9\u20ac<\/h3>\n<h3>ZUM TEUFEL NOCHMAL (TOMATENSAUCE, OREGANO, SALAMI PICCANTE*, ROTE ZWIEBELN MOZZARELLA, CHILI F\u00c4DEN, OLIVEN\u00d6L*) \u2013 17,9\u20ac<\/h3>\n<h3>MEINE KRESSE, DAS ZWIEBELT (TOMATENSAUCE, ROTE ZWIEBELN, MOZZARELLA, CHILI F\u00c4DEN, BURRATA, KRESSEN, OLIVEN\u00d6L*) \u2013 12,9\u20ac<\/h3>\n<h3>BODENLOSE BLECHHEIT (TOMATENSAUCE, FRISCHE CHAMPIGNONS AUSTERNPILZE* UND SHIITAKE*, ROTE ZWIEBELN, FONTAL (W\u00dcRZIGER ITAL. K\u00c4SE AUS KUHMILCH), OLIVEN\u00d6L, SCHNITTLAUCH) \u2013 12,9\u20ac<\/h3>\n<h3>ZUM BREITBEINIGEN GERT (TOMATENSAUCE, FRISCHER SPINAT, ZWIEBELN, OLIVEN, GEGR. PAPRIKA, OLIVEN, MOZZARELLA, OLIVEN\u00d6L*, K\u00dcRBISKERNE) \u2013 12,9\u20ac<\/h3>\n<h3>ALLES OK\u00c4SE (MOZZARELLA, FONTAL (W\u00dcRZIGER ITAL. K\u00c4SE AUS KUHMILCH), GORGONZOLA, CHERRY TOMATEN RUCOLA) \u2013 12,9\u20ac<\/h3>\n<h3>ZUM FLOTTEN OTTO (SPINAT, ZWIEBELN, FRISCHER KNOBLAUCH, GORGONZOLA, MOZZARELLA, OLIVEN\u00d6L*) \u2013 11,9\u20ac<\/h3>\n<h3>ORANGE GUT, ALLES GUT (FENCHELSAMEN, FENCHEL, MOZZARELLA, ORANGEN, ROTE BEEREN, OLIVEN\u00d6L*) &#8211; 12,9\u20ac<\/h3>\n<h3>WENDY WASTEFUL (FRISCHE CHAMPIGNONS, GER\u00c4UCHERTER SCHINKEN*, MOZZARELLA, FRISCHER KNOBLAUCH, OLIVEN\u00d6L, RUCOLA) &#8211; 16,9\u20ac<\/h3>\n<h3>POLONESE GENOVESE, BURRATA, PESTO GENOVESE, RUCOLA, CHERRY TOMATEN, PINIENKERNE) &#8211; 13,9\u20ac<\/h3>\n<h3>C&#8217;HO FAME (BURRATA, GEROESTETE PINIENKERNE, RADICCHIO, MOZZARELLA, OLIVEN\u00d6L*, BALSAMICO CREME, FRISCH GERIEBENER PECCORINO) &#8211; 13,9\u20ac<\/h3>\n<h3>NERVIGER NICO &#8211; VEGAN (HAUCHD\u00dcNNE ZUCCHINISCHEIBEN, VEGANER K\u00c4SE, RUCOLA, CHILLI F\u00c4DEN (DEKO, NICHT SCHARF), DATTELN, OLIVEN\u00d6L*) \u2013 11,9\u20ac<\/h3>\n<h3>ETHISCHE EMILIE &#8211; VEGAN (FRISCHE CHAMPIGNONS AUSTERNPILZE* UND SHIITAKE*, ROTE ZWIEBELN, VEGANER K\u00c4SE, BUNTE KRESSE, OLIVEN\u00d6L*) \u2013 12,9\u20ac<\/h3>\n<h3>GR\u00dcNER GAUL &#8211; VEGAN (TOMATENSAUCE, HAUCHD\u00dcNNE ZUCCHINISCHEIBEN, ROTE ZWIEBELN, VEGANER K\u00c4SE, SCHWARZER &#038; WEISSER SESAM, FRISCHE MINZE, OLIVEN\u00d6L*) \u2013 10,9\u20ac<\/h3>\n<h3>MIT FREUNDLICHEN S\u00dcSSEN (RICOTTA, NUTELLA)<\/h3>\n<h3>TIRAMISU (VEGAN), CREMA CATALAN (VEGAN), PANNA COTTA (VEGETARISCH)<\/h3>\n<h3>FRAG NACH UNSERER PIZZA DES MONATS!<\/h3>\n<h3>ALLE PIZZEN AUCH IN VEGAN.<\/h3>\n<h3>UND NAT\u00dcRLICH LIMOS UND BIER UND VINO ETC<\/h3>\n<h3>WIR FREUEN UNS AUF EUCH!<\/h3>\n<h3>*beziehen wir nachhaltig und verantwortungsvoll vom zertifizierten <a href=\"https:\/\/www.weidenhof.net\" rel=\"noopener\" target=\"_blank\">weidenhof<\/a> und <a href=\"https:\/\/www.heggehof.de\/\" rel=\"noopener\" target=\"_blank\">heggehof<\/a><\/p>\n<h3>unseren hauswein beziehen wir von unseren freunden vom <a href=\"https:\/\/steffens-kess.de\" rel=\"noopener\" target=\"_blank\">weingut steffens-ke\u00df<\/a><\/h3>\n<h3>das mehl f\u00fcr unseren pizza teig kommt aus der traditionsm\u00fchle <a href=\"https:\/\/www.hofbraeuhaus-kunstmuehle.de\/\" rel=\"noopener\" target=\"_blank\">hofbr\u00e4uhaus-kunstm\u00fchle<\/a> in m\u00fcnchen<\/h3>\n","protected":false},"excerpt":{"rendered":"<p>NUR KARTENZAHLUNG. KEIN BARGELD. RESERVIEREN &#038; VORBESTELLEN K\u00d6NNT IHR UNTER 025174829576 GUTSCHEINE BEKOMMT IHR BEI UNS AUCH. IMMER IN 10ER SCHRITTEN. DIE VERSCHICKEN WIR AUCH GERNE. DAF\u00dcR BETRAG PLUS 1,8\u20ac PORTO \u00dcBERWEISEN ODER PAYPALEN UND UNS DIE ADRESSE VERRATEN MARGERE RITA (TOMATENSAUCE, OREGANO, CHERRY TOMATEN (FRISCH DRAUF), MOZZARELLA (FRISCH DRAUF), GANZ VIEL BASILIKUM, OLIVEN\u00d6L*) \u2013 &hellip; <a href=\"http:\/\/zumzweischneidigenpferd.de\/\" class=\"more-link\"><span class=\"screen-reader-text\">die pizzen<\/span> weiterlesen <span class=\"meta-nav\">&rarr;<\/span><\/a><\/p>\n","protected":false},"author":1,"featured_media":0,"parent":0,"menu_order":0,"comment_status":"closed","ping_status":"closed","template":"","meta":[],"_links":{"self":[{"href":"http:\/\/zumzweischneidigenpferd.de\/index.php\/wp-json\/wp\/v2\/pages\/117"}],"collection":[{"href":"http:\/\/zumzweischneidigenpferd.de\/index.php\/wp-json\/wp\/v2\/pages"}],"about":[{"href":"http:\/\/zumzweischneidigenpferd.de\/index.php\/wp-json\/wp\/v2\/types\/page"}],"author":[{"embeddable":true,"href":"http:\/\/zumzweischneidigenpferd.de\/index.php\/wp-json\/wp\/v2\/users\/1"}],"replies":[{"embeddable":true,"href":"http:\/\/zumzweischneidigenpferd.de\/index.php\/wp-json\/wp\/v2\/comments?post=117"}],"version-history":[{"count":80,"href":"http:\/\/zumzweischneidigenpferd.de\/index.php\/wp-json\/wp\/v2\/pages\/117\/revisions"}],"predecessor-version":[{"id":240,"href":"http:\/\/zumzweischneidigenpferd.de\/index.php\/wp-json\/wp\/v2\/pages\/117\/revisions\/240"}],"wp:attachment":[{"href":"http:\/\/zumzweischneidigenpferd.de\/index.php\/wp-json\/wp\/v2\/media?parent=117"}],"curies":[{"name":"wp","href":"https:\/\/api.w.org\/{rel}","templated":true}]}}